{"id":97,"date":"2019-04-02T12:58:44","date_gmt":"2019-04-02T15:58:44","guid":{"rendered":"https:\/\/demo.themeisle.com\/neve-charity\/?page_id=97"},"modified":"2021-11-08T16:14:07","modified_gmt":"2021-11-08T19:14:07","slug":"neve-charity-demo-frontpage","status":"publish","type":"page","link":"https:\/\/bbtlatino.org\/bbt\/","title":{"rendered":"Homepage"},"content":{"rendered":"\t\t<div data-elementor-type=\"wp-post\" data-elementor-id=\"97\" class=\"elementor elementor-97\">\n\t\t\t\t\t\t<section class=\"elementor-section elementor-top-section elementor-element elementor-element-8b3a061 elementor-section-boxed elementor-section-height-default elementor-section-height-default\" data-id=\"8b3a061\" data-element_type=\"section\">\n\t\t\t\t\t\t<div class=\"elementor-container elementor-column-gap-default\">\n\t\t\t\t\t<div class=\"elementor-column elementor-col-100 elementor-top-column elementor-element elementor-element-901ce6d\" data-id=\"901ce6d\" data-element_type=\"column\">\n\t\t\t<div class=\"elementor-widget-wrap elementor-element-populated\">\n\t\t\t\t\t\t<div class=\"elementor-element elementor-element-1b9f7cc elementor-widget elementor-widget-image\" data-id=\"1b9f7cc\" data-element_type=\"widget\" data-widget_type=\"image.default\">\n\t\t\t\t<div class=\"elementor-widget-container\">\n\t\t\t\t\t\t\t\t\t\t\t\t\t<img decoding=\"async\" width=\"300\" height=\"104\" src=\"https:\/\/bbtlatino.org\/bbt\/wp-content\/uploads\/2020\/09\/LOGO-300x104.jpg\" class=\"attachment-medium size-medium wp-image-10107\" alt=\"\" srcset=\"https:\/\/bbtlatino.org\/bbt\/wp-content\/uploads\/2020\/09\/LOGO-300x104.jpg 300w, https:\/\/bbtlatino.org\/bbt\/wp-content\/uploads\/2020\/09\/LOGO.jpg 411w\" sizes=\"(max-width: 300px) 100vw, 300px\" \/>\t\t\t\t\t\t\t\t\t\t\t\t\t<\/div>\n\t\t\t\t<\/div>\n\t\t\t\t\t<\/div>\n\t\t<\/div>\n\t\t\t\t\t<\/div>\n\t\t<\/section>\n\t\t\t\t<section class=\"elementor-section elementor-top-section elementor-element elementor-element-8cbe96c elementor-section-boxed elementor-section-height-default elementor-section-height-default\" data-id=\"8cbe96c\" data-element_type=\"section\">\n\t\t\t\t\t\t<div class=\"elementor-container elementor-column-gap-default\">\n\t\t\t\t\t<div class=\"elementor-column elementor-col-100 elementor-top-column elementor-element elementor-element-4a87f16\" data-id=\"4a87f16\" data-element_type=\"column\">\n\t\t\t<div class=\"elementor-widget-wrap elementor-element-populated\">\n\t\t\t\t\t\t<div class=\"elementor-element elementor-element-37726e6 elementor-widget elementor-widget-image\" data-id=\"37726e6\" data-element_type=\"widget\" data-widget_type=\"image.default\">\n\t\t\t\t<div class=\"elementor-widget-container\">\n\t\t\t\t\t\t\t\t\t\t\t\t\t<img decoding=\"async\" src=\"https:\/\/bbtlatino.org\/bbt\/wp-content\/uploads\/elementor\/thumbs\/frase_babderas-ovxvnfehchr1ifjqluxikydmytitmq1t23552ecdn4.jpg\" title=\"frase_babderas\" alt=\"frase_babderas\" loading=\"lazy\" \/>\t\t\t\t\t\t\t\t\t\t\t\t\t<\/div>\n\t\t\t\t<\/div>\n\t\t\t\t\t<\/div>\n\t\t<\/div>\n\t\t\t\t\t<\/div>\n\t\t<\/section>\n\t\t\t\t<section class=\"elementor-section elementor-top-section elementor-element elementor-element-66ac7ab elementor-section-boxed elementor-section-height-default elementor-section-height-default\" data-id=\"66ac7ab\" data-element_type=\"section\">\n\t\t\t\t\t\t<div class=\"elementor-container elementor-column-gap-default\">\n\t\t\t\t\t<div class=\"elementor-column elementor-col-16 elementor-top-column elementor-element elementor-element-557f30c\" data-id=\"557f30c\" data-element_type=\"column\">\n\t\t\t<div class=\"elementor-widget-wrap elementor-element-populated\">\n\t\t\t\t\t\t<div class=\"elementor-element elementor-element-0e7c2ea elementor-widget elementor-widget-image\" data-id=\"0e7c2ea\" data-element_type=\"widget\" data-widget_type=\"image.default\">\n\t\t\t\t<div class=\"elementor-widget-container\">\n\t\t\t\t\t\t\t\t\t\t<figure class=\"wp-caption\">\n\t\t\t\t\t\t\t\t\t\t\t<a href=\"https:\/\/www.bbteditorial.com\/\">\n\t\t\t\t\t\t\t<img decoding=\"async\" width=\"128\" height=\"128\" src=\"https:\/\/bbtlatino.org\/bbt\/wp-content\/uploads\/2020\/09\/ar-2.png\" class=\"elementor-animation-grow attachment-thumbnail size-thumbnail wp-image-10096\" alt=\"Argentina\" \/>\t\t\t\t\t\t\t\t<\/a>\n\t\t\t\t\t\t\t\t\t\t\t<figcaption class=\"widget-image-caption wp-caption-text\">Argentina<\/figcaption>\n\t\t\t\t\t\t\t\t\t\t<\/figure>\n\t\t\t\t\t\t\t<\/div>\n\t\t\t\t<\/div>\n\t\t\t\t\t<\/div>\n\t\t<\/div>\n\t\t\t\t<div class=\"elementor-column elementor-col-16 elementor-top-column elementor-element elementor-element-473bea3\" data-id=\"473bea3\" data-element_type=\"column\">\n\t\t\t<div class=\"elementor-widget-wrap elementor-element-populated\">\n\t\t\t\t\t\t<div class=\"elementor-element elementor-element-eca7e0c elementor-widget elementor-widget-image\" data-id=\"eca7e0c\" data-element_type=\"widget\" data-widget_type=\"image.default\">\n\t\t\t\t<div class=\"elementor-widget-container\">\n\t\t\t\t\t\t\t\t\t\t<figure class=\"wp-caption\">\n\t\t\t\t\t\t\t\t\t\t\t<a href=\"https:\/\/bbtchileditorial.mercadoshops.cl\/\" target=\"_blank\">\n\t\t\t\t\t\t\t<img decoding=\"async\" width=\"128\" height=\"128\" src=\"https:\/\/bbtlatino.org\/bbt\/wp-content\/uploads\/2020\/09\/cl-1.png\" class=\"elementor-animation-grow attachment-thumbnail size-thumbnail wp-image-10092\" alt=\"Chile\" \/>\t\t\t\t\t\t\t\t<\/a>\n\t\t\t\t\t\t\t\t\t\t\t<figcaption class=\"widget-image-caption wp-caption-text\">Chile<\/figcaption>\n\t\t\t\t\t\t\t\t\t\t<\/figure>\n\t\t\t\t\t\t\t<\/div>\n\t\t\t\t<\/div>\n\t\t\t\t\t<\/div>\n\t\t<\/div>\n\t\t\t\t<div class=\"elementor-column elementor-col-16 elementor-top-column elementor-element elementor-element-8169c65\" data-id=\"8169c65\" data-element_type=\"column\">\n\t\t\t<div class=\"elementor-widget-wrap elementor-element-populated\">\n\t\t\t\t\t\t<div class=\"elementor-element elementor-element-ac8b08d elementor-widget elementor-widget-image\" data-id=\"ac8b08d\" data-element_type=\"widget\" data-widget_type=\"image.default\">\n\t\t\t\t<div class=\"elementor-widget-container\">\n\t\t\t\t\t\t\t\t\t\t<figure class=\"wp-caption\">\n\t\t\t\t\t\t\t\t\t\t<img loading=\"lazy\" decoding=\"async\" width=\"128\" height=\"128\" src=\"https:\/\/bbtlatino.org\/bbt\/wp-content\/uploads\/2020\/09\/co-1.png\" class=\"elementor-animation-grow attachment-thumbnail size-thumbnail wp-image-10093\" alt=\"Colombia\" \/>\t\t\t\t\t\t\t\t\t\t\t<figcaption class=\"widget-image-caption wp-caption-text\">Colombia<\/figcaption>\n\t\t\t\t\t\t\t\t\t\t<\/figure>\n\t\t\t\t\t\t\t<\/div>\n\t\t\t\t<\/div>\n\t\t\t\t\t<\/div>\n\t\t<\/div>\n\t\t\t\t<div class=\"elementor-column elementor-col-16 elementor-top-column elementor-element elementor-element-4c01a5f\" data-id=\"4c01a5f\" data-element_type=\"column\">\n\t\t\t<div class=\"elementor-widget-wrap elementor-element-populated\">\n\t\t\t\t\t\t<div class=\"elementor-element elementor-element-9b282e4 elementor-widget elementor-widget-image\" data-id=\"9b282e4\" data-element_type=\"widget\" data-widget_type=\"image.default\">\n\t\t\t\t<div class=\"elementor-widget-container\">\n\t\t\t\t\t\t\t\t\t\t<figure class=\"wp-caption\">\n\t\t\t\t\t\t\t\t\t\t\t<a href=\"https:\/\/bbtmexico.mercadoshops.com.mx\/\" target=\"_blank\">\n\t\t\t\t\t\t\t<img loading=\"lazy\" decoding=\"async\" width=\"128\" height=\"128\" src=\"https:\/\/bbtlatino.org\/bbt\/wp-content\/uploads\/2020\/09\/mx-1.png\" class=\"elementor-animation-grow attachment-thumbnail size-thumbnail wp-image-10094\" alt=\"M\u00e9xico\" \/>\t\t\t\t\t\t\t\t<\/a>\n\t\t\t\t\t\t\t\t\t\t\t<figcaption class=\"widget-image-caption wp-caption-text\">M\u00e9xico<\/figcaption>\n\t\t\t\t\t\t\t\t\t\t<\/figure>\n\t\t\t\t\t\t\t<\/div>\n\t\t\t\t<\/div>\n\t\t\t\t\t<\/div>\n\t\t<\/div>\n\t\t\t\t<div class=\"elementor-column elementor-col-16 elementor-top-column elementor-element elementor-element-8ff929b\" data-id=\"8ff929b\" data-element_type=\"column\">\n\t\t\t<div class=\"elementor-widget-wrap elementor-element-populated\">\n\t\t\t\t\t\t<div class=\"elementor-element elementor-element-4d1c41d elementor-widget elementor-widget-image\" data-id=\"4d1c41d\" data-element_type=\"widget\" data-settings=\"{&quot;_animation_mobile&quot;:&quot;none&quot;}\" data-widget_type=\"image.default\">\n\t\t\t\t<div class=\"elementor-widget-container\">\n\t\t\t\t\t\t\t\t\t\t<figure class=\"wp-caption\">\n\t\t\t\t\t\t\t\t\t\t<img loading=\"lazy\" decoding=\"async\" width=\"128\" height=\"85\" src=\"https:\/\/bbtlatino.org\/bbt\/wp-content\/uploads\/2020\/11\/peru.png\" class=\"attachment-thumbnail size-thumbnail wp-image-10154\" alt=\"Per\u00fa\" \/>\t\t\t\t\t\t\t\t\t\t\t<figcaption class=\"widget-image-caption wp-caption-text\">Per\u00fa<\/figcaption>\n\t\t\t\t\t\t\t\t\t\t<\/figure>\n\t\t\t\t\t\t\t<\/div>\n\t\t\t\t<\/div>\n\t\t\t\t\t<\/div>\n\t\t<\/div>\n\t\t\t\t<div class=\"elementor-column elementor-col-16 elementor-top-column elementor-element elementor-element-1035e2b\" data-id=\"1035e2b\" data-element_type=\"column\">\n\t\t\t<div class=\"elementor-widget-wrap elementor-element-populated\">\n\t\t\t\t\t\t<div class=\"elementor-element elementor-element-fbc8557 elementor-widget elementor-widget-image\" data-id=\"fbc8557\" data-element_type=\"widget\" data-widget_type=\"image.default\">\n\t\t\t\t<div class=\"elementor-widget-container\">\n\t\t\t\t\t\t\t\t\t\t<figure class=\"wp-caption\">\n\t\t\t\t\t\t\t\t\t\t\t<a href=\"https:\/\/bbtlatino.org\/bbt_ot\">\n\t\t\t\t\t\t\t<img loading=\"lazy\" decoding=\"async\" width=\"128\" height=\"128\" src=\"https:\/\/bbtlatino.org\/bbt\/wp-content\/uploads\/2020\/09\/OAS-1.png\" class=\"elementor-animation-grow attachment-thumbnail size-thumbnail wp-image-10095\" alt=\"Otros Paises\" \/>\t\t\t\t\t\t\t\t<\/a>\n\t\t\t\t\t\t\t\t\t\t\t<figcaption class=\"widget-image-caption wp-caption-text\">Otros Pa\u00edses<\/figcaption>\n\t\t\t\t\t\t\t\t\t\t<\/figure>\n\t\t\t\t\t\t\t<\/div>\n\t\t\t\t<\/div>\n\t\t\t\t\t<\/div>\n\t\t<\/div>\n\t\t\t\t\t<\/div>\n\t\t<\/section>\n\t\t\t\t<section class=\"elementor-section elementor-top-section elementor-element elementor-element-9674c23 elementor-section-boxed elementor-section-height-default elementor-section-height-default\" data-id=\"9674c23\" data-element_type=\"section\">\n\t\t\t\t\t\t<div class=\"elementor-container elementor-column-gap-default\">\n\t\t\t\t\t<div class=\"elementor-column elementor-col-100 elementor-top-column elementor-element elementor-element-5af9920\" data-id=\"5af9920\" data-element_type=\"column\">\n\t\t\t<div class=\"elementor-widget-wrap elementor-element-populated\">\n\t\t\t\t\t\t<div class=\"elementor-element elementor-element-610dc3c elementor-widget elementor-widget-image\" data-id=\"610dc3c\" data-element_type=\"widget\" data-widget_type=\"image.default\">\n\t\t\t\t<div class=\"elementor-widget-container\">\n\t\t\t\t\t\t\t\t\t\t\t\t\t<img loading=\"lazy\" decoding=\"async\" width=\"768\" height=\"334\" src=\"https:\/\/bbtlatino.org\/bbt\/wp-content\/uploads\/2020\/09\/MAPA-768x334.jpg\" class=\"attachment-medium_large size-medium_large wp-image-10108\" alt=\"\" srcset=\"https:\/\/bbtlatino.org\/bbt\/wp-content\/uploads\/2020\/09\/MAPA-768x334.jpg 768w, https:\/\/bbtlatino.org\/bbt\/wp-content\/uploads\/2020\/09\/MAPA-300x130.jpg 300w, https:\/\/bbtlatino.org\/bbt\/wp-content\/uploads\/2020\/09\/MAPA-1024x445.jpg 1024w, https:\/\/bbtlatino.org\/bbt\/wp-content\/uploads\/2020\/09\/MAPA.jpg 1428w\" sizes=\"(max-width: 768px) 100vw, 768px\" \/>\t\t\t\t\t\t\t\t\t\t\t\t\t<\/div>\n\t\t\t\t<\/div>\n\t\t\t\t\t<\/div>\n\t\t<\/div>\n\t\t\t\t\t<\/div>\n\t\t<\/section>\n\t\t\t\t<section class=\"elementor-section elementor-top-section elementor-element elementor-element-650c16f elementor-section-boxed elementor-section-height-default elementor-section-height-default\" data-id=\"650c16f\" data-element_type=\"section\">\n\t\t\t\t\t\t<div class=\"elementor-container elementor-column-gap-default\">\n\t\t\t\t\t<div class=\"elementor-column elementor-col-100 elementor-top-column elementor-element elementor-element-1cab9d6\" data-id=\"1cab9d6\" data-element_type=\"column\">\n\t\t\t<div class=\"elementor-widget-wrap elementor-element-populated\">\n\t\t\t\t\t\t<div class=\"elementor-element elementor-element-3c968a2 elementor-widget elementor-widget-image\" data-id=\"3c968a2\" data-element_type=\"widget\" data-widget_type=\"image.default\">\n\t\t\t\t<div class=\"elementor-widget-container\">\n\t\t\t\t\t\t\t\t\t\t\t\t\t<img loading=\"lazy\" decoding=\"async\" width=\"300\" height=\"104\" src=\"https:\/\/bbtlatino.org\/bbt\/wp-content\/uploads\/2020\/09\/PRABHUPADA-300x104.jpg\" class=\"attachment-medium size-medium wp-image-10109\" alt=\"\" srcset=\"https:\/\/bbtlatino.org\/bbt\/wp-content\/uploads\/2020\/09\/PRABHUPADA-300x104.jpg 300w, https:\/\/bbtlatino.org\/bbt\/wp-content\/uploads\/2020\/09\/PRABHUPADA.jpg 590w\" sizes=\"(max-width: 300px) 100vw, 300px\" \/>\t\t\t\t\t\t\t\t\t\t\t\t\t<\/div>\n\t\t\t\t<\/div>\n\t\t\t\t\t<\/div>\n\t\t<\/div>\n\t\t\t\t\t<\/div>\n\t\t<\/section>\n\t\t\t\t<\/div>\n\t\t","protected":false},"excerpt":{"rendered":"<p>Argentina Chile Colombia M\u00e9xico Per\u00fa Otros Pa\u00edses<\/p>\n","protected":false},"author":1,"featured_media":0,"parent":0,"menu_order":1,"comment_status":"closed","ping_status":"closed","template":"page-templates\/template-pagebuilder-full-width.php","meta":{"neve_meta_sidebar":"","neve_meta_container":"","neve_meta_enable_content_width":"off","neve_meta_content_width":0,"neve_meta_title_alignment":"","neve_meta_author_avatar":"","neve_post_elements_order":"","neve_meta_disable_header":"","neve_meta_disable_footer":"","neve_meta_disable_title":""},"aioseo_notices":[],"_links":{"self":[{"href":"https:\/\/bbtlatino.org\/bbt\/wp-json\/wp\/v2\/pages\/97"}],"collection":[{"href":"https:\/\/bbtlatino.org\/bbt\/wp-json\/wp\/v2\/pages"}],"about":[{"href":"https:\/\/bbtlatino.org\/bbt\/wp-json\/wp\/v2\/types\/page"}],"author":[{"embeddable":true,"href":"https:\/\/bbtlatino.org\/bbt\/wp-json\/wp\/v2\/users\/1"}],"replies":[{"embeddable":true,"href":"https:\/\/bbtlatino.org\/bbt\/wp-json\/wp\/v2\/comments?post=97"}],"version-history":[{"count":72,"href":"https:\/\/bbtlatino.org\/bbt\/wp-json\/wp\/v2\/pages\/97\/revisions"}],"predecessor-version":[{"id":10329,"href":"https:\/\/bbtlatino.org\/bbt\/wp-json\/wp\/v2\/pages\/97\/revisions\/10329"}],"wp:attachment":[{"href":"https:\/\/bbtlatino.org\/bbt\/wp-json\/wp\/v2\/media?parent=97"}],"curies":[{"name":"wp","href":"https:\/\/api.w.org\/{rel}","templated":true}]}}