{"id":2074,"date":"2019-05-29T02:10:21","date_gmt":"2019-05-29T05:10:21","guid":{"rendered":"https:\/\/bbtlatino.org\/bbt_ot\/?page_id=2074"},"modified":"2019-11-12T19:06:27","modified_gmt":"2019-11-13T01:06:27","slug":"fundador","status":"publish","type":"page","link":"https:\/\/bbtlatino.org\/bbt_ot\/fundador\/","title":{"rendered":"Fundador"},"content":{"rendered":"\t\t<div data-elementor-type=\"wp-post\" data-elementor-id=\"2074\" class=\"elementor elementor-2074\">\n\t\t\t\t\t\t<section class=\"elementor-section elementor-top-section elementor-element elementor-element-99f85b7 elementor-section-boxed elementor-section-height-default elementor-section-height-default\" data-id=\"99f85b7\" data-element_type=\"section\">\n\t\t\t\t\t\t<div class=\"elementor-container elementor-column-gap-default\">\n\t\t\t\t\t<div class=\"elementor-column elementor-col-33 elementor-top-column elementor-element elementor-element-d87943a\" data-id=\"d87943a\" data-element_type=\"column\">\n\t\t\t<div class=\"elementor-widget-wrap elementor-element-populated\">\n\t\t\t\t\t\t<div class=\"elementor-element elementor-element-e2d1cde elementor-widget elementor-widget-image\" data-id=\"e2d1cde\" data-element_type=\"widget\" data-widget_type=\"image.default\">\n\t\t\t\t<div class=\"elementor-widget-container\">\n\t\t\t\t\t\t\t\t\t\t\t\t\t<img fetchpriority=\"high\" decoding=\"async\" width=\"303\" height=\"513\" src=\"https:\/\/bbtlatino.org\/bbt_ot\/wp-content\/uploads\/2019\/05\/imgprabh.jpg\" class=\"attachment-large size-large wp-image-2076\" alt srcset=\"https:\/\/bbtlatino.org\/bbt_ot\/wp-content\/uploads\/2019\/05\/imgprabh.jpg 303w, https:\/\/bbtlatino.org\/bbt_ot\/wp-content\/uploads\/2019\/05\/imgprabh-177x300.jpg 177w, https:\/\/bbtlatino.org\/bbt_ot\/wp-content\/uploads\/2019\/05\/imgprabh-30x50.jpg 30w\" sizes=\"(max-width: 303px) 100vw, 303px\">\t\t\t\t\t\t\t\t\t\t\t\t\t<\/div>\n\t\t\t\t<\/div>\n\t\t\t\t\t<\/div>\n\t\t<\/div>\n\t\t\t\t<div class=\"elementor-column elementor-col-66 elementor-top-column elementor-element elementor-element-1b436ac\" data-id=\"1b436ac\" data-element_type=\"column\">\n\t\t\t<div class=\"elementor-widget-wrap elementor-element-populated\">\n\t\t\t\t\t\t<div class=\"elementor-element elementor-element-0e51c28 elementor-widget elementor-widget-text-editor\" data-id=\"0e51c28\" data-element_type=\"widget\" data-widget_type=\"text-editor.default\">\n\t\t\t\t<div class=\"elementor-widget-container\">\n\t\t\t\t\t\t\t<p>Su Divi\u00adna Gra\u00adcia A.C. Bha\u00adkti\u00adve\u00addan\u00adta Swa\u00admi Pra\u00adb\u00adhup\u0101\u00adda (1896\u20131977), Fun\u00adda\u00addor-\u0100c\u0101rya de la Aso\u00adci\u00ada\u00adci\u00f3n Inter\u00adna\u00adci\u00ado\u00adnal para la Con\u00adci\u00aden\u00adcia de Kris\u00adh\u00adna (<span class=\"caps\">ISKCON<\/span>) y de la edi\u00adto\u00adri\u00adal The Bha\u00adkti\u00adve\u00addan\u00adta Book Trust, dedi\u00adc\u00f3 su vida a ense\u00f1ar al mun\u00addo la con\u00adci\u00aden\u00adcia de K\u1e5b\u1e63\u1e47a, el m\u00e1s noble men\u00adsa\u00adje de la sabi\u00addur\u00eda espi\u00adri\u00adtu\u00adal de la anti\u00adgua&nbsp;India.<\/p><p>Por orden de su maes\u00adtro espi\u00adri\u00adtu\u00adal, \u015ar\u012bla Bha\u00adkti\u00adsid\u00addh\u0101n\u00adta Saras\u00adva\u00adt\u012b \u1e6ch\u0101ku\u00adra, repre\u00adsen\u00adtan\u00adte de una l\u00ednea de maes\u00adtros que ini\u00adcia per\u00adso\u00adnal\u00admen\u00adte con el Se\u00f1or K\u1e5b\u1e63\u1e47a, \u015ar\u012bla Pra\u00adb\u00adhup\u0101\u00adda nave\u00adg\u00f3, en 1965, a la edad de 69 a\u00f1os, des\u00adde la India has\u00adta Nue\u00adva York para com\u00adpar\u00adtir el men\u00adsa\u00adje del Se\u00f1or K\u1e5b\u1e63\u1e47a. Lle\u00adva\u00adba con\u00adsi\u00adgo un ba\u00fal lle\u00adno de libros, 7 d\u00f3la\u00adres, y la fe fir\u00adme de que el san\u00adto nom\u00adbre de K\u1e5b\u1e63\u1e47a trans\u00adfor\u00admar\u00eda los cora\u00adzo\u00adnes de todos aquel\u00adlos con los que se encon\u00adtra\u00adra. En los a\u00f1os sigu\u00adi\u00aden\u00adtes, fun\u00add\u00f3 la Aso\u00adci\u00ada\u00adci\u00f3n Inter\u00adna\u00adci\u00ado\u00adnal para la Con\u00adci\u00aden\u00adcia de Kris\u00adh\u00adna (<span class=\"caps\">ISKCON<\/span>), via\u00adj\u00f3 y ense\u00f1\u00f3 por todo el mun\u00addo,&nbsp;inau\u00adgu\u00adr\u00f3 m\u00e1s de 100 tem\u00adplos&nbsp;e inspir\u00f3 a miles de devotos.<\/p><p>Escri\u00adbi\u00f3 cer\u00adca de cua\u00adren\u00adta vol\u00fa\u00adme\u00adnes&nbsp;de tra\u00adduc\u00adci\u00ado\u00adnes y comen\u00adta\u00adri\u00ados de obras cl\u00e1\u00adsi\u00adcas como el <i>\u015ar\u012b\u00admad-Bh\u0101\u00adga\u00adva\u00adtam (Bh\u0101\u00adga\u00adva\u00adta Pur\u0101\u1e47a), Cai\u00adta\u00adnya-cari\u00adt\u0101m\u1e5bta <\/i>y <i>Bha\u00adga\u00advad-g\u012bt\u0101<\/i>. No sola\u00admen\u00adte escri\u00adbi\u00f3 como eru\u00addi\u00adto sino como un prac\u00adti\u00adcan\u00adte con\u00adsu\u00adma\u00addo, ense\u00f1an\u00addo por medio del ejem\u00adplo. A lo lar\u00adgo de su obra, \u015ar\u012bla Pra\u00adb\u00adhup\u0101\u00adda trans\u00admi\u00adte el sig\u00adni\u00adfi\u00adca\u00addo natu\u00adral de las Escri\u00adtu\u00adras sin inter\u00adpre\u00adta\u00adci\u00ado\u00adnes, ofre\u00adci\u00e9n\u00addo\u00adnos una tra\u00adduc\u00adci\u00f3n aut\u00e9n\u00adti\u00adca de las con\u00adclu\u00adsi\u00ado\u00adnes v\u00e9di\u00adcas refe\u00adri\u00addas a asun\u00adtos de tan\u00adta impor\u00adtan\u00adcia como el obje\u00adti\u00advo de la vida huma\u00adna, la natu\u00adra\u00adleza del alma, la con\u00adci\u00aden\u00adcia y&nbsp;Dios.<\/p><p>De 1966 a 1977, a pesar de su avan\u00adza\u00adda edad, \u015ar\u012bla Pra\u00adb\u00adhup\u0101\u00adda dio cator\u00adce veces la vuel\u00adta al glo\u00adbo dan\u00addo ciclos de con\u00adfe\u00adren\u00adci\u00adas que lo lle\u00adva\u00adron a los seis con\u00adti\u00adnen\u00adtes. Aun\u00adque ya no se encu\u00aden\u00adtra entre noso\u00adtros, vive por siem\u00adpre en sus instruc\u00adci\u00ado\u00adnes, libros, vide\u00ados y gra\u00adba\u00adci\u00ado\u00adnes de audio, as\u00ed como en el cora\u00adz\u00f3n de aquel\u00adlos cuy\u00adas vidas conmovi\u00f3.<\/p>\t\t\t\t\t\t<\/div>\n\t\t\t\t<\/div>\n\t\t\t\t\t<\/div>\n\t\t<\/div>\n\t\t\t\t\t<\/div>\n\t\t<\/section>\n\t\t\t\t<section class=\"elementor-section elementor-top-section elementor-element elementor-element-ed6fc02 elementor-section-boxed elementor-section-height-default elementor-section-height-default\" data-id=\"ed6fc02\" data-element_type=\"section\">\n\t\t\t\t\t\t<div class=\"elementor-container elementor-column-gap-default\">\n\t\t\t\t\t<div class=\"elementor-column elementor-col-100 elementor-top-column elementor-element elementor-element-171349f\" data-id=\"171349f\" data-element_type=\"column\">\n\t\t\t<div class=\"elementor-widget-wrap elementor-element-populated\">\n\t\t\t\t\t\t<div class=\"elementor-element elementor-element-373047d elementor-widget elementor-widget-spacer\" data-id=\"373047d\" data-element_type=\"widget\" data-widget_type=\"spacer.default\">\n\t\t\t\t<div class=\"elementor-widget-container\">\n\t\t\t\t\t<div class=\"elementor-spacer\">\n\t\t\t<div class=\"elementor-spacer-inner\"><\/div>\n\t\t<\/div>\n\t\t\t\t<\/div>\n\t\t\t\t<\/div>\n\t\t\t\t\t<\/div>\n\t\t<\/div>\n\t\t\t\t\t<\/div>\n\t\t<\/section>\n\t\t\t\t<\/div>\n\t\t","protected":false},"excerpt":{"rendered":"<p>Su Divi\u00adna Gra\u00adcia A.C. Bha\u00adkti\u00adve\u00addan\u00adta Swa\u00admi Pra\u00adb\u00adhup\u0101\u00adda (1896\u20131977), Fun\u00ad\u00adda\u00ad\u00addor-\u0100c\u0101rya de la Aso\u00adci\u00ada\u00adci\u00f3n Inter\u00adna\u00adci\u00ado\u00adnal para la Con\u00adci\u00aden\u00adcia de Kris\u00adh\u00adna (<span class=\"caps\">ISKCON<\/span>) y de la edi\u00adto\u00adri\u00adal The Bha\u00adkti\u00adve\u00addan\u00adta Book Trust, dedi\u00adc\u00f3 su vida a ense\u00f1ar al mun\u00addo la con\u00adci\u00aden\u00adcia de K\u1e5b\u1e63\u1e47a, el m\u00e1s noble men\u00adsa\u00adje de la sabi\u00addur\u00eda espi\u00adri\u00adtu\u00adal de la anti\u00adgua&nbsp;India. Por orden de su maes\u00adtro espi\u00adri\u00adtu\u00adal,\u2026&nbsp;<a href=\"https:\/\/bbtlatino.org\/bbt_ot\/fundador\/\" class rel=\"bookmark\">Leer m\u00e1s \u00bb<span class=\"screen-reader-text\">Fun\u00adda\u00addor<\/span><\/a><\/p>\n","protected":false},"author":1,"featured_media":0,"parent":0,"menu_order":0,"comment_status":"closed","ping_status":"closed","template":"","meta":{"wp_typography_post_enhancements_disabled":false,"neve_meta_sidebar":"","neve_meta_container":"","neve_meta_enable_content_width":"","neve_meta_content_width":70,"neve_meta_title_alignment":"","neve_meta_author_avatar":"","neve_post_elements_order":"","neve_meta_disable_header":"","neve_meta_disable_footer":"","neve_meta_disable_title":""},"aioseo_notices":[],"_links":{"self":[{"href":"https:\/\/bbtlatino.org\/bbt_ot\/wp-json\/wp\/v2\/pages\/2074"}],"collection":[{"href":"https:\/\/bbtlatino.org\/bbt_ot\/wp-json\/wp\/v2\/pages"}],"about":[{"href":"https:\/\/bbtlatino.org\/bbt_ot\/wp-json\/wp\/v2\/types\/page"}],"author":[{"embeddable":true,"href":"https:\/\/bbtlatino.org\/bbt_ot\/wp-json\/wp\/v2\/users\/1"}],"replies":[{"embeddable":true,"href":"https:\/\/bbtlatino.org\/bbt_ot\/wp-json\/wp\/v2\/comments?post=2074"}],"version-history":[{"count":0,"href":"https:\/\/bbtlatino.org\/bbt_ot\/wp-json\/wp\/v2\/pages\/2074\/revisions"}],"wp:attachment":[{"href":"https:\/\/bbtlatino.org\/bbt_ot\/wp-json\/wp\/v2\/media?parent=2074"}],"curies":[{"name":"wp","href":"https:\/\/api.w.org\/{rel}","templated":true}]}}