{"id":9876,"date":"2020-07-29T10:23:39","date_gmt":"2020-07-29T15:23:39","guid":{"rendered":"https:\/\/bbtlatino.org\/bbt_ot\/productos\/"},"modified":"2020-09-29T18:05:30","modified_gmt":"2020-09-29T21:05:30","slug":"productos","status":"publish","type":"page","link":"https:\/\/bbtlatino.org\/bbt_ot\/productos\/","title":{"rendered":""},"content":{"rendered":"            <div id=\"product_listing\" class=\"post-9876 page type-page status-publish hentry al_product responsive\">\n            <div class=\"ic-catalog-container\"><p id=\"breadcrumbs\"><span><span class=\"breadcrumbs-home\"><a href=\"https:\/\/bbtlatino.org\/bbt_ot\"><span>Ini\u00adcio<\/span><\/a><\/span> \u00bb <span class=\"breadcrumbs-product-archive\"><a href=\"https:\/\/bbtlatino.org\/bbt_ot\/productos\/\"><span><\/span><\/a><\/span><\/span><\/p><div id=\"product_filters_bar\" class=\"product-sort-bar green-box ic-design \"><style type=\"text\/css\">.widget_search .search-form .search-submit, .widget_search .search-form .search-field { height: auto; }<\/style><div id=\"search-6\" class=\"filter-widget widget_search\">\n<form role=\"search\" method=\"get\" class=\"search-form\" action=\"https:\/\/bbtlatino.org\/bbt_ot\/\">\n\t<label>\n\t\t<span class=\"screen-reader-text\">Buscar\u2026<\/span>\n\t<\/label>\n\t<input type=\"search\" class=\"search-field\" aria-label=\"Buscar\" placeholder=\"Buscar...\" value name=\"s\">\n\t<button type=\"submit\" class=\"search-submit nv-submit\" aria-label=\"Buscar\">\n\t\t<span class=\"nv-search-icon-wrap\">\n\t\t\t<span class=\"nv-icon nv-search\">\n\t\t\t\t<svg width=\"15\" height=\"15\" viewBox=\"0 0 1792 1792\"><path d=\"M1216 832q0-185-131.5-316.5t-316.5-131.5-316.5 131.5-131.5 316.5 131.5 316.5 316.5 131.5 316.5-131.5 131.5-316.5zm512 832q0 52-38 90t-90 38q-54 0-90-38l-343-342q-179 124-399 124-143 0-273.5-55.5t-225-150-150-225-55.5-273.5 55.5-273.5 150-225 225-150 273.5-55.5 273.5 55.5 225 150 150 225 55.5 273.5q0 220-124 399l343 343q37 37 37 90z\" \/><\/svg>\n\t\t\t<\/span><\/span>\n\t<\/button>\n\t<\/form>\n<\/div><div id=\"product_categories-8\" class=\"filter-widget widget_product_categories widget_categories\"><select name=\"cat\" id=\"cat\" class=\"ic-category-select\">\n\t<option value=\"https:\/\/bbtlatino.org\/bbt_ot\/productos\/\">Seleccionar Categor\u00eda<\/option>\n\t<option class=\"level-0\" value=\"https:\/\/bbtlatino.org\/bbt_ot\/products-category\/biografia-2\/\">Biograf\u00eda&nbsp;&nbsp;(2)<\/option>\n\t<option class=\"level-0\" value=\"https:\/\/bbtlatino.org\/bbt_ot\/products-category\/clasicos-2\/\">Cl\u00e1sicos&nbsp;&nbsp;(8)<\/option>\n\t<option class=\"level-0\" value=\"https:\/\/bbtlatino.org\/bbt_ot\/products-category\/cocina-2\/\">Cocina&nbsp;&nbsp;(4)<\/option>\n\t<option class=\"level-0\" value=\"https:\/\/bbtlatino.org\/bbt_ot\/products-category\/colecciones-2\/\">Colecciones&nbsp;&nbsp;(6)<\/option>\n\t<option class=\"level-0\" value=\"https:\/\/bbtlatino.org\/bbt_ot\/products-category\/filosofia-2\/\">Filosof\u00eda&nbsp;&nbsp;(27)<\/option>\n<\/select>\n<\/div><div class=\"clear-both\"><\/div><\/div><div class=\"product-list grid \">    <div class=\"archive-listing product-10295 classic-grid publish no-price first\">\n        <a href=\"https:\/\/bbtlatino.org\/bbt_ot\/productos\/el-nectar-de-la-devocion\/\">\n            <div class=\"classic-grid-image-wrapper\">\n                <div class=\"pseudo\"><\/div>\n                <div class=\"image\"><img width=\"436\" height=\"600\" src=\"https:\/\/bbtlatino.org\/bbt_ot\/wp-content\/uploads\/2020\/09\/el_nectar_de_la_devocion-436x600.jpeg\" class=\"classic-grid-image\" alt=\"El n\u00e9ctar de la devoci\u00f3n\" decoding=\"async\" srcset=\"https:\/\/bbtlatino.org\/bbt_ot\/wp-content\/uploads\/2020\/09\/el_nectar_de_la_devocion-436x600.jpeg 436w, https:\/\/bbtlatino.org\/bbt_ot\/wp-content\/uploads\/2020\/09\/el_nectar_de_la_devocion-218x300.jpeg 218w, https:\/\/bbtlatino.org\/bbt_ot\/wp-content\/uploads\/2020\/09\/el_nectar_de_la_devocion-116x160.jpeg 116w, https:\/\/bbtlatino.org\/bbt_ot\/wp-content\/uploads\/2020\/09\/el_nectar_de_la_devocion-600x826.jpeg 600w, https:\/\/bbtlatino.org\/bbt_ot\/wp-content\/uploads\/2020\/09\/el_nectar_de_la_devocion.jpeg 681w\" sizes=\"(max-width: 436px) 100vw, 436px\"><\/div>\n            <\/div>\n            <h3 class=\"product-name\">El n\u00e9ctar de la devoci\u00f3n<\/h3>\t\t\t        <\/a>\n\t\t    <\/div>\n\n    <div class=\"archive-listing product-10280 classic-grid publish no-price middle\">\n        <a href=\"https:\/\/bbtlatino.org\/bbt_ot\/productos\/volver-a-nacer\/\">\n            <div class=\"classic-grid-image-wrapper\">\n                <div class=\"pseudo\"><\/div>\n                <div class=\"image\"><img width=\"460\" height=\"600\" src=\"https:\/\/bbtlatino.org\/bbt_ot\/wp-content\/uploads\/2019\/05\/VN.jpg\" class=\"classic-grid-image\" alt=\"Volver a&nbsp;nacer\" decoding=\"async\" srcset=\"https:\/\/bbtlatino.org\/bbt_ot\/wp-content\/uploads\/2019\/05\/VN.jpg 618w, https:\/\/bbtlatino.org\/bbt_ot\/wp-content\/uploads\/2019\/05\/VN-600x783.jpg 600w, https:\/\/bbtlatino.org\/bbt_ot\/wp-content\/uploads\/2019\/05\/VN-230x300.jpg 230w, https:\/\/bbtlatino.org\/bbt_ot\/wp-content\/uploads\/2019\/05\/VN-38x50.jpg 38w\" sizes=\"(max-width: 460px) 100vw, 460px\"><\/div>\n            <\/div>\n            <h3 class=\"product-name\">Volver a&nbsp;nacer<\/h3>\t\t\t        <\/a>\n\t\t    <\/div>\n\n    <div class=\"archive-listing product-10279 classic-grid publish no-price last\">\n        <a href=\"https:\/\/bbtlatino.org\/bbt_ot\/productos\/viaje-hacia-el-autoconocimiento\/\">\n            <div class=\"classic-grid-image-wrapper\">\n                <div class=\"pseudo\"><\/div>\n                <div class=\"image\"><img width=\"448\" height=\"600\" src=\"https:\/\/bbtlatino.org\/bbt_ot\/wp-content\/uploads\/2019\/05\/VAC.jpg\" class=\"classic-grid-image\" alt=\"Viaje hacia el autoconocimiento\" decoding=\"async\" srcset=\"https:\/\/bbtlatino.org\/bbt_ot\/wp-content\/uploads\/2019\/05\/VAC.jpg 793w, https:\/\/bbtlatino.org\/bbt_ot\/wp-content\/uploads\/2019\/05\/VAC-600x804.jpg 600w, https:\/\/bbtlatino.org\/bbt_ot\/wp-content\/uploads\/2019\/05\/VAC-224x300.jpg 224w, https:\/\/bbtlatino.org\/bbt_ot\/wp-content\/uploads\/2019\/05\/VAC-768x1029.jpg 768w, https:\/\/bbtlatino.org\/bbt_ot\/wp-content\/uploads\/2019\/05\/VAC-764x1024.jpg 764w, https:\/\/bbtlatino.org\/bbt_ot\/wp-content\/uploads\/2019\/05\/VAC-37x50.jpg 37w\" sizes=\"(max-width: 448px) 100vw, 448px\"><\/div>\n            <\/div>\n            <h3 class=\"product-name\">Viaje hacia el autoconocimiento<\/h3>\t\t\t        <\/a>\n\t\t    <\/div>\n\n    <div class=\"archive-listing product-10278 classic-grid publish no-price first\">\n        <a href=\"https:\/\/bbtlatino.org\/bbt_ot\/productos\/viaje-facil-a-otros-planetas\/\">\n            <div class=\"classic-grid-image-wrapper\">\n                <div class=\"pseudo\"><\/div>\n                <div class=\"image\"><img width=\"460\" height=\"600\" src=\"https:\/\/bbtlatino.org\/bbt_ot\/wp-content\/uploads\/2019\/05\/VFP.jpg\" class=\"classic-grid-image\" alt=\"Viaje f\u00e1cil a otros planetas\" decoding=\"async\" srcset=\"https:\/\/bbtlatino.org\/bbt_ot\/wp-content\/uploads\/2019\/05\/VFP.jpg 618w, https:\/\/bbtlatino.org\/bbt_ot\/wp-content\/uploads\/2019\/05\/VFP-600x783.jpg 600w, https:\/\/bbtlatino.org\/bbt_ot\/wp-content\/uploads\/2019\/05\/VFP-230x300.jpg 230w, https:\/\/bbtlatino.org\/bbt_ot\/wp-content\/uploads\/2019\/05\/VFP-38x50.jpg 38w\" sizes=\"(max-width: 460px) 100vw, 460px\"><\/div>\n            <\/div>\n            <h3 class=\"product-name\">Viaje f\u00e1cil a otros planetas<\/h3>\t\t\t        <\/a>\n\t\t    <\/div>\n\n    <div class=\"archive-listing product-10276 classic-grid publish no-price middle\">\n        <a href=\"https:\/\/bbtlatino.org\/bbt_ot\/productos\/sri-caitanya-caritam%e1%b9%9bta\/\">\n            <div class=\"classic-grid-image-wrapper\">\n                <div class=\"pseudo\"><\/div>\n                <div class=\"image\"><img width=\"460\" height=\"600\" src=\"https:\/\/bbtlatino.org\/bbt_ot\/wp-content\/uploads\/2019\/05\/CC.jpg\" class=\"classic-grid-image\" alt=\"\u015ar\u012b Caitanya-carit\u0101m\u1e5bta\" decoding=\"async\" srcset=\"https:\/\/bbtlatino.org\/bbt_ot\/wp-content\/uploads\/2019\/05\/CC.jpg 718w, https:\/\/bbtlatino.org\/bbt_ot\/wp-content\/uploads\/2019\/05\/CC-600x783.jpg 600w, https:\/\/bbtlatino.org\/bbt_ot\/wp-content\/uploads\/2019\/05\/CC-230x300.jpg 230w, https:\/\/bbtlatino.org\/bbt_ot\/wp-content\/uploads\/2019\/05\/CC-38x50.jpg 38w\" sizes=\"(max-width: 460px) 100vw, 460px\"><\/div>\n            <\/div>\n            <h3 class=\"product-name\">\u015ar\u012b Caitanya-carit\u0101m\u1e5bta<\/h3>\t\t\t        <\/a>\n\t\t    <\/div>\n\n    <div class=\"archive-listing product-10275 classic-grid publish no-price last\">\n        <a href=\"https:\/\/bbtlatino.org\/bbt_ot\/productos\/secretos-de-otros-tiempos-sri-isopani%e1%b9%a3ad\/\">\n            <div class=\"classic-grid-image-wrapper\">\n                <div class=\"pseudo\"><\/div>\n                <div class=\"image\"><img width=\"460\" height=\"600\" src=\"https:\/\/bbtlatino.org\/bbt_ot\/wp-content\/uploads\/2019\/05\/SI.jpg\" class=\"classic-grid-image\" alt=\"Secretos de otros tiempos \u2013 \u015ar\u012b \u012a\u015bopani\u1e63ad\" decoding=\"async\" srcset=\"https:\/\/bbtlatino.org\/bbt_ot\/wp-content\/uploads\/2019\/05\/SI.jpg 618w, https:\/\/bbtlatino.org\/bbt_ot\/wp-content\/uploads\/2019\/05\/SI-600x783.jpg 600w, https:\/\/bbtlatino.org\/bbt_ot\/wp-content\/uploads\/2019\/05\/SI-230x300.jpg 230w, https:\/\/bbtlatino.org\/bbt_ot\/wp-content\/uploads\/2019\/05\/SI-38x50.jpg 38w\" sizes=\"(max-width: 460px) 100vw, 460px\"><\/div>\n            <\/div>\n            <h3 class=\"product-name\">Secretos de otros tiempos \u2013 \u015ar\u012b \u012a\u015bopani\u1e63ad<\/h3>\t\t\t        <\/a>\n\t\t    <\/div>\n\n<\/div><div id=\"product_archive_nav\" class=\"product-archive-nav green-box ic-design\"><ul>\n<li class=\"active\" data-page=\"1\"><a href=\"https:\/\/bbtlatino.org\/bbt_ot\/wp-json\/wp\/v2\/pages\/9876\">1<\/a><\/li> \n<li data-page=\"2\"><a href=\"https:\/\/bbtlatino.org\/bbt_ot\/wp-json\/wp\/v2\/pages\/9876\/page\/2\/\">2<\/a><\/li> \n<li data-page=\"3\"><a href=\"https:\/\/bbtlatino.org\/bbt_ot\/wp-json\/wp\/v2\/pages\/9876\/page\/3\/\">3<\/a><\/li> \n<li class=\"nav-dots\">\u2026<\/li>\n<li class=\"last-num\" data-page=\"7\"><a href=\"https:\/\/bbtlatino.org\/bbt_ot\/wp-json\/wp\/v2\/pages\/9876\/page\/7\/\">7<\/a><\/li> \n<li class=\"next-page\" data-page=\"2\"><a href=\"https:\/\/bbtlatino.org\/bbt_ot\/wp-json\/wp\/v2\/pages\/9876\/page\/2\/\"><span>P\u00e1gi\u00adna Siguiente&nbsp;\u00bb<\/span><\/a><\/li> \n<\/ul><\/div>\n    <span class=\"clear\"><\/span>\n    <\/div>            <\/div>\n            \n","protected":false},"excerpt":{"rendered":"","protected":false},"author":1,"featured_media":0,"parent":0,"menu_order":0,"comment_status":"closed","ping_status":"closed","template":"","meta":{"wp_typography_post_enhancements_disabled":false,"neve_meta_sidebar":"full-width","neve_meta_container":"","neve_meta_enable_content_width":"off","neve_meta_content_width":100,"neve_meta_title_alignment":"","neve_meta_author_avatar":"","neve_post_elements_order":"","neve_meta_disable_header":"","neve_meta_disable_footer":"","neve_meta_disable_title":""},"aioseo_notices":[],"_links":{"self":[{"href":"https:\/\/bbtlatino.org\/bbt_ot\/wp-json\/wp\/v2\/pages\/9876"}],"collection":[{"href":"https:\/\/bbtlatino.org\/bbt_ot\/wp-json\/wp\/v2\/pages"}],"about":[{"href":"https:\/\/bbtlatino.org\/bbt_ot\/wp-json\/wp\/v2\/types\/page"}],"author":[{"embeddable":true,"href":"https:\/\/bbtlatino.org\/bbt_ot\/wp-json\/wp\/v2\/users\/1"}],"replies":[{"embeddable":true,"href":"https:\/\/bbtlatino.org\/bbt_ot\/wp-json\/wp\/v2\/comments?post=9876"}],"version-history":[{"count":1,"href":"https:\/\/bbtlatino.org\/bbt_ot\/wp-json\/wp\/v2\/pages\/9876\/revisions"}],"predecessor-version":[{"id":10298,"href":"https:\/\/bbtlatino.org\/bbt_ot\/wp-json\/wp\/v2\/pages\/9876\/revisions\/10298"}],"wp:attachment":[{"href":"https:\/\/bbtlatino.org\/bbt_ot\/wp-json\/wp\/v2\/media?parent=9876"}],"curies":[{"name":"wp","href":"https:\/\/api.w.org\/{rel}","templated":true}]}}